{"id":37860,"date":"2025-11-24T18:25:26","date_gmt":"2025-11-24T17:25:26","guid":{"rendered":"https:\/\/curla.ma\/product\/elastiques-en-satin-curla-pour-boucles-epaisses\/"},"modified":"2026-01-11T18:57:54","modified_gmt":"2026-01-11T17:57:54","slug":"elastiques-en-satin-curla-pour-boucles-epaisses","status":"publish","type":"product","link":"https:\/\/curla.ma\/ar\/product\/elastiques-en-satin-curla-pour-boucles-epaisses\/","title":{"rendered":"\u00c9lastiques en satin Curla\u2122 pour boucles \u00e9paisses"},"content":{"rendered":"<p><strong>Les \u00c9lastiques en satin Curla\u2122<\/strong> sont pens\u00e9s pour attacher les cheveux boucl\u00e9s sans les casser.<\/p>\n<p>Le satin glisse sur la fibre capillaire, \u00e9vite les marques et respecte la forme des boucles.<\/p>\n<ul>\n<li>Id\u00e9als pour cheveux \u00e9pais et volumineux<\/li>\n<li>Moins de casse et de n\u0153uds<\/li>\n<li>Parfaits pour les queues de cheval et chignons<\/li>\n<\/ul>","protected":false},"excerpt":{"rendered":"<p>\u00c9lastiques en satin adapt\u00e9s aux cheveux boucl\u00e9s et \u00e9pais, anti-casse et anti-marques.<\/p>","protected":false},"featured_media":38155,"comment_status":"open","ping_status":"closed","template":"","meta":[],"product_brand":[],"product_cat":[163],"product_tag":[],"class_list":{"0":"post-37860","1":"product","2":"type-product","3":"status-publish","4":"has-post-thumbnail","6":"product_cat-accessoires-cheveux","8":"first","9":"instock","10":"shipping-taxable","11":"purchasable","12":"product-type-simple"},"_links":{"self":[{"href":"https:\/\/curla.ma\/ar\/wp-json\/wp\/v2\/product\/37860","targetHints":{"allow":["GET"]}}],"collection":[{"href":"https:\/\/curla.ma\/ar\/wp-json\/wp\/v2\/product"}],"about":[{"href":"https:\/\/curla.ma\/ar\/wp-json\/wp\/v2\/types\/product"}],"replies":[{"embeddable":true,"href":"https:\/\/curla.ma\/ar\/wp-json\/wp\/v2\/comments?post=37860"}],"version-history":[{"count":1,"href":"https:\/\/curla.ma\/ar\/wp-json\/wp\/v2\/product\/37860\/revisions"}],"predecessor-version":[{"id":38156,"href":"https:\/\/curla.ma\/ar\/wp-json\/wp\/v2\/product\/37860\/revisions\/38156"}],"wp:featuredmedia":[{"embeddable":true,"href":"https:\/\/curla.ma\/ar\/wp-json\/wp\/v2\/media\/38155"}],"wp:attachment":[{"href":"https:\/\/curla.ma\/ar\/wp-json\/wp\/v2\/media?parent=37860"}],"wp:term":[{"taxonomy":"product_brand","embeddable":true,"href":"https:\/\/curla.ma\/ar\/wp-json\/wp\/v2\/product_brand?post=37860"},{"taxonomy":"product_cat","embeddable":true,"href":"https:\/\/curla.ma\/ar\/wp-json\/wp\/v2\/product_cat?post=37860"},{"taxonomy":"product_tag","embeddable":true,"href":"https:\/\/curla.ma\/ar\/wp-json\/wp\/v2\/product_tag?post=37860"}],"curies":[{"name":"wp","href":"https:\/\/api.w.org\/{rel}","templated":true}]}}