{"id":37863,"date":"2025-11-24T18:25:27","date_gmt":"2025-11-24T17:25:27","guid":{"rendered":"https:\/\/curla.ma\/product\/bonnet-en-satin-curla-reversible\/"},"modified":"2025-12-24T13:09:11","modified_gmt":"2025-12-24T12:09:11","slug":"bonnet-en-satin-curla-reversible","status":"publish","type":"product","link":"https:\/\/curla.ma\/ar\/product\/bonnet-en-satin-curla-reversible\/","title":{"rendered":"Bonnet en satin Curla\u2122 \u2013 R\u00e9versible"},"content":{"rendered":"<p><strong>Le Bonnet en satin Curla\u2122 \u2013 R\u00e9versible<\/strong> offre deux couleurs en un seul bonnet pour s\u2019adapter \u00e0 ton humeur et tes looks.<\/p>\n<p>Il prot\u00e8ge les boucles du frottement nocturne tout en restant esth\u00e9tique et confortable.<\/p>\n<ul>\n<li>Deux faces satin\u00e9es, deux couleurs<\/li>\n<li>R\u00e9duit la casse et les frisottis<\/li>\n<li>Id\u00e9al pour les cheveux boucl\u00e9s, fris\u00e9s et cr\u00e9pus<\/li>\n<\/ul>","protected":false},"excerpt":{"rendered":"<p>Bonnet en satin r\u00e9versible avec deux faces et deux couleurs pour varier les looks.<\/p>","protected":false},"featured_media":37939,"comment_status":"open","ping_status":"closed","template":"","meta":[],"product_brand":[],"product_cat":[164,168],"product_tag":[],"class_list":{"0":"post-37863","1":"product","2":"type-product","3":"status-publish","4":"has-post-thumbnail","6":"product_cat-accessoires-de-nuit","7":"product_cat-homepage","9":"first","10":"instock","11":"shipping-taxable","12":"purchasable","13":"product-type-simple"},"_links":{"self":[{"href":"https:\/\/curla.ma\/ar\/wp-json\/wp\/v2\/product\/37863","targetHints":{"allow":["GET"]}}],"collection":[{"href":"https:\/\/curla.ma\/ar\/wp-json\/wp\/v2\/product"}],"about":[{"href":"https:\/\/curla.ma\/ar\/wp-json\/wp\/v2\/types\/product"}],"replies":[{"embeddable":true,"href":"https:\/\/curla.ma\/ar\/wp-json\/wp\/v2\/comments?post=37863"}],"version-history":[{"count":1,"href":"https:\/\/curla.ma\/ar\/wp-json\/wp\/v2\/product\/37863\/revisions"}],"predecessor-version":[{"id":37940,"href":"https:\/\/curla.ma\/ar\/wp-json\/wp\/v2\/product\/37863\/revisions\/37940"}],"wp:featuredmedia":[{"embeddable":true,"href":"https:\/\/curla.ma\/ar\/wp-json\/wp\/v2\/media\/37939"}],"wp:attachment":[{"href":"https:\/\/curla.ma\/ar\/wp-json\/wp\/v2\/media?parent=37863"}],"wp:term":[{"taxonomy":"product_brand","embeddable":true,"href":"https:\/\/curla.ma\/ar\/wp-json\/wp\/v2\/product_brand?post=37863"},{"taxonomy":"product_cat","embeddable":true,"href":"https:\/\/curla.ma\/ar\/wp-json\/wp\/v2\/product_cat?post=37863"},{"taxonomy":"product_tag","embeddable":true,"href":"https:\/\/curla.ma\/ar\/wp-json\/wp\/v2\/product_tag?post=37863"}],"curies":[{"name":"wp","href":"https:\/\/api.w.org\/{rel}","templated":true}]}}