{"id":37865,"date":"2025-11-24T18:25:27","date_gmt":"2025-11-24T17:25:27","guid":{"rendered":"https:\/\/curla.ma\/product\/spray-brumisateur-curla-reveil-des-boucles\/"},"modified":"2025-12-25T12:27:36","modified_gmt":"2025-12-25T11:27:36","slug":"spray-brumisateur-curla-reveil-des-boucles","status":"publish","type":"product","link":"https:\/\/curla.ma\/ar\/product\/spray-brumisateur-curla-reveil-des-boucles\/","title":{"rendered":"Spray brumisateur Curla\u2122 R\u00e9veil des boucles"},"content":{"rendered":"<p><strong>Le Spray brumisateur Curla\u2122 R\u00e9veil des boucles<\/strong> diffuse une brume ultra fine id\u00e9ale pour rafra\u00eechir les cheveux entre deux shampoings.<\/p>\n<p>Parfait pour reformer les boucles le matin avec un peu d\u2019eau ou de m\u00e9lange maison.<\/p>\n<ul>\n<li>Brume fine qui ne d\u00e9trempe pas les cheveux<\/li>\n<li>Id\u00e9al pour r\u00e9activer les produits d\u00e9j\u00e0 pr\u00e9sents<\/li>\n<li>Pratique pour le quotidien et les voyages<\/li>\n<\/ul>","protected":false},"excerpt":{"rendered":"<p>Spray brumisateur \u00e0 brume fine pour r\u00e9hydrater et r\u00e9veiller les boucles.<\/p>","protected":false},"featured_media":37987,"comment_status":"open","ping_status":"closed","template":"","meta":[],"product_brand":[],"product_cat":[168,165],"product_tag":[],"class_list":{"0":"post-37865","1":"product","2":"type-product","3":"status-publish","4":"has-post-thumbnail","6":"product_cat-homepage","7":"product_cat-outils-de-coiffage","9":"first","10":"instock","11":"shipping-taxable","12":"purchasable","13":"product-type-simple"},"_links":{"self":[{"href":"https:\/\/curla.ma\/ar\/wp-json\/wp\/v2\/product\/37865","targetHints":{"allow":["GET"]}}],"collection":[{"href":"https:\/\/curla.ma\/ar\/wp-json\/wp\/v2\/product"}],"about":[{"href":"https:\/\/curla.ma\/ar\/wp-json\/wp\/v2\/types\/product"}],"replies":[{"embeddable":true,"href":"https:\/\/curla.ma\/ar\/wp-json\/wp\/v2\/comments?post=37865"}],"version-history":[{"count":1,"href":"https:\/\/curla.ma\/ar\/wp-json\/wp\/v2\/product\/37865\/revisions"}],"predecessor-version":[{"id":37925,"href":"https:\/\/curla.ma\/ar\/wp-json\/wp\/v2\/product\/37865\/revisions\/37925"}],"wp:featuredmedia":[{"embeddable":true,"href":"https:\/\/curla.ma\/ar\/wp-json\/wp\/v2\/media\/37987"}],"wp:attachment":[{"href":"https:\/\/curla.ma\/ar\/wp-json\/wp\/v2\/media?parent=37865"}],"wp:term":[{"taxonomy":"product_brand","embeddable":true,"href":"https:\/\/curla.ma\/ar\/wp-json\/wp\/v2\/product_brand?post=37865"},{"taxonomy":"product_cat","embeddable":true,"href":"https:\/\/curla.ma\/ar\/wp-json\/wp\/v2\/product_cat?post=37865"},{"taxonomy":"product_tag","embeddable":true,"href":"https:\/\/curla.ma\/ar\/wp-json\/wp\/v2\/product_tag?post=37865"}],"curies":[{"name":"wp","href":"https:\/\/api.w.org\/{rel}","templated":true}]}}