{"id":37866,"date":"2025-11-24T18:25:27","date_gmt":"2025-11-24T17:25:27","guid":{"rendered":"https:\/\/curla.ma\/product\/pochette-trousse-curla-pour-accessoires-brosse\/"},"modified":"2025-12-12T21:00:04","modified_gmt":"2025-12-12T20:00:04","slug":"pochette-trousse-curla-pour-accessoires-brosse","status":"publish","type":"product","link":"https:\/\/curla.ma\/ar\/product\/pochette-trousse-curla-pour-accessoires-brosse\/","title":{"rendered":"Pochette \/ trousse Curla\u2122 pour accessoires &#038; brosse"},"content":{"rendered":"<p><strong>La Pochette \/ trousse Curla\u2122<\/strong> permet de ranger ta brosse Curla, tes pinces, \u00e9lastiques et accessoires de nuit.<\/p>\n<p>Id\u00e9ale pour garder une routine organis\u00e9e \u00e0 la maison ou en voyage.<\/p>\n<ul>\n<li>Format pratique pour sac ou valise<\/li>\n<li>Int\u00e9rieur adapt\u00e9 aux accessoires cheveux<\/li>\n<li>Design en accord avec l\u2019univers Curla<\/li>\n<\/ul>","protected":false},"excerpt":{"rendered":"<p>Pochette de rangement pour garder brosse et accessoires Curla au m\u00eame endroit.<\/p>","protected":false},"featured_media":37921,"comment_status":"open","ping_status":"closed","template":"","meta":[],"product_brand":[],"product_cat":[166],"product_tag":[],"class_list":{"0":"post-37866","1":"product","2":"type-product","3":"status-publish","4":"has-post-thumbnail","6":"product_cat-kits-rangements","8":"first","9":"instock","10":"shipping-taxable","11":"purchasable","12":"product-type-simple"},"_links":{"self":[{"href":"https:\/\/curla.ma\/ar\/wp-json\/wp\/v2\/product\/37866","targetHints":{"allow":["GET"]}}],"collection":[{"href":"https:\/\/curla.ma\/ar\/wp-json\/wp\/v2\/product"}],"about":[{"href":"https:\/\/curla.ma\/ar\/wp-json\/wp\/v2\/types\/product"}],"replies":[{"embeddable":true,"href":"https:\/\/curla.ma\/ar\/wp-json\/wp\/v2\/comments?post=37866"}],"version-history":[{"count":1,"href":"https:\/\/curla.ma\/ar\/wp-json\/wp\/v2\/product\/37866\/revisions"}],"predecessor-version":[{"id":37922,"href":"https:\/\/curla.ma\/ar\/wp-json\/wp\/v2\/product\/37866\/revisions\/37922"}],"wp:featuredmedia":[{"embeddable":true,"href":"https:\/\/curla.ma\/ar\/wp-json\/wp\/v2\/media\/37921"}],"wp:attachment":[{"href":"https:\/\/curla.ma\/ar\/wp-json\/wp\/v2\/media?parent=37866"}],"wp:term":[{"taxonomy":"product_brand","embeddable":true,"href":"https:\/\/curla.ma\/ar\/wp-json\/wp\/v2\/product_brand?post=37866"},{"taxonomy":"product_cat","embeddable":true,"href":"https:\/\/curla.ma\/ar\/wp-json\/wp\/v2\/product_cat?post=37866"},{"taxonomy":"product_tag","embeddable":true,"href":"https:\/\/curla.ma\/ar\/wp-json\/wp\/v2\/product_tag?post=37866"}],"curies":[{"name":"wp","href":"https:\/\/api.w.org\/{rel}","templated":true}]}}