{"id":37883,"date":"2025-12-07T18:49:55","date_gmt":"2025-12-07T17:49:55","guid":{"rendered":"https:\/\/curla.ma\/?post_type=product&#038;p=37883"},"modified":"2025-12-25T21:06:55","modified_gmt":"2025-12-25T20:06:55","slug":"curla-claw-flexible-durable","status":"publish","type":"product","link":"https:\/\/curla.ma\/ar\/product\/curla-claw-flexible-durable\/","title":{"rendered":"Curla Claw\u2122 \u2014 Flexible &#038; Durable"},"content":{"rendered":"<h3 data-start=\"473\" data-end=\"499\">Pourquoi Curla Claw\u2122 ?<\/h3>\n<p data-start=\"500\" data-end=\"733\">Les pinces classiques cassent, tirent et ne tiennent pas sur tous les cheveux.<br data-start=\"578\" data-end=\"581\" \/><strong data-start=\"581\" data-end=\"596\">Curla Claw\u2122<\/strong> change tout : elle se <strong data-start=\"619\" data-end=\"639\">plie sans casser<\/strong>, tient <strong data-start=\"647\" data-end=\"667\">toute la journ\u00e9e<\/strong><br data-start=\"667\" data-end=\"670\" \/>et reste <strong data-start=\"679\" data-end=\"694\">confortable<\/strong>, m\u00eame sur cheveux \u00e9pais ou volumineux.<\/p>\n<p data-start=\"500\" data-end=\"733\"><img fetchpriority=\"high\" decoding=\"async\" class=\"size-medium wp-image-38028 aligncenter\" src=\"https:\/\/curla.ma\/wp-content\/uploads\/2025\/12\/ChatGPT-Image-Dec-25-2025-08_41_43-PM-300x300.png\" alt=\"\" width=\"300\" height=\"300\" srcset=\"https:\/\/curla.ma\/wp-content\/uploads\/2025\/12\/ChatGPT-Image-Dec-25-2025-08_41_43-PM-300x300.png 300w, https:\/\/curla.ma\/wp-content\/uploads\/2025\/12\/ChatGPT-Image-Dec-25-2025-08_41_43-PM-800x800.png 800w, https:\/\/curla.ma\/wp-content\/uploads\/2025\/12\/ChatGPT-Image-Dec-25-2025-08_41_43-PM-150x150.png 150w, https:\/\/curla.ma\/wp-content\/uploads\/2025\/12\/ChatGPT-Image-Dec-25-2025-08_41_43-PM-768x768.png 768w, https:\/\/curla.ma\/wp-content\/uploads\/2025\/12\/ChatGPT-Image-Dec-25-2025-08_41_43-PM-12x12.png 12w, https:\/\/curla.ma\/wp-content\/uploads\/2025\/12\/ChatGPT-Image-Dec-25-2025-08_41_43-PM-430x430.png 430w, https:\/\/curla.ma\/wp-content\/uploads\/2025\/12\/ChatGPT-Image-Dec-25-2025-08_41_43-PM-700x700.png 700w, https:\/\/curla.ma\/wp-content\/uploads\/2025\/12\/ChatGPT-Image-Dec-25-2025-08_41_43-PM.png 1024w\" sizes=\"(max-width: 300px) 100vw, 300px\" \/><\/p>\n<hr data-start=\"735\" data-end=\"738\" \/>\n<h3 data-start=\"740\" data-end=\"771\">Ce que vous allez adorer<\/h3>\n<ul data-start=\"772\" data-end=\"1043\">\n<li data-start=\"772\" data-end=\"829\">\n<p data-start=\"774\" data-end=\"829\"><strong data-start=\"774\" data-end=\"799\">Flexible &amp; incassable<\/strong> \u2014 mat\u00e9riau haute r\u00e9sistance<\/p>\n<\/li>\n<li data-start=\"830\" data-end=\"867\">\n<p data-start=\"832\" data-end=\"867\"><strong data-start=\"832\" data-end=\"848\">Tenue solide<\/strong> du matin au soir<\/p>\n<\/li>\n<li data-start=\"868\" data-end=\"925\">\n<p data-start=\"870\" data-end=\"925\"><strong data-start=\"870\" data-end=\"889\">Confort optimal<\/strong> \u2014 pas de pression, pas de douleur<\/p>\n<\/li>\n<li data-start=\"926\" data-end=\"966\">\n<p data-start=\"928\" data-end=\"966\">Convient \u00e0 <strong data-start=\"939\" data-end=\"964\">tous types de cheveux<\/strong><\/p>\n<\/li>\n<li data-start=\"967\" data-end=\"1008\">\n<p data-start=\"969\" data-end=\"1008\"><strong data-start=\"969\" data-end=\"991\">R\u00e9sistante \u00e0 l\u2019eau<\/strong> &amp; \u00e0 l\u2019humidit\u00e9<\/p>\n<\/li>\n<li data-start=\"1009\" data-end=\"1043\">\n<p data-start=\"1011\" data-end=\"1043\">Design <strong data-start=\"1018\" data-end=\"1043\">\u00e9l\u00e9gant &amp; minimaliste<\/strong><\/p>\n<\/li>\n<\/ul>\n<p><img decoding=\"async\" class=\"aligncenter wp-image-38021\" src=\"https:\/\/curla.ma\/wp-content\/uploads\/2025\/12\/snaptik_7549748937570176270_hd.gif\" alt=\"\" width=\"204\" height=\"363\" \/><\/p>\n<p>&nbsp;<\/p>\n<hr data-start=\"1045\" data-end=\"1048\" \/>\n<h3 data-start=\"1050\" data-end=\"1064\">Pour qui ?<\/h3>\n<p data-start=\"1065\" data-end=\"1229\">\u2714 Cheveux fins, \u00e9pais, lisses, ondul\u00e9s, boucl\u00e9s ou fris\u00e9s<br data-start=\"1122\" data-end=\"1125\" \/>\u2714 Routine du quotidien : travail, sorties, sport<br data-start=\"1173\" data-end=\"1176\" \/>\u2714 Attacher facilement les cheveux <strong data-start=\"1210\" data-end=\"1229\">sans les ab\u00eemer<\/strong><\/p>\n<hr data-start=\"1231\" data-end=\"1234\" \/>\n<h3 data-start=\"1236\" data-end=\"1260\">Comment l\u2019utiliser ?<\/h3>\n<p data-start=\"1261\" data-end=\"1373\">1\ufe0f\u20e3 Ramenez vos cheveux \u00e0 l\u2019arri\u00e8re<br data-start=\"1296\" data-end=\"1299\" \/>2\ufe0f\u20e3 Torsadez ou enroulez<br data-start=\"1323\" data-end=\"1326\" \/>3\ufe0f\u20e3 Clip \u2014 votre coiffure tient imm\u00e9diatement !<\/p>\n<hr data-start=\"1541\" data-end=\"1544\" \/>\n<h3 data-start=\"1546\" data-end=\"1570\">Confiance &amp; garantie<\/h3>\n<p data-start=\"1571\" data-end=\"1685\">\u2714 Paiement \u00e0 la livraison<br data-start=\"1596\" data-end=\"1599\" \/>\u2714 Marque marocaine<br data-start=\"1617\" data-end=\"1620\" \/>\u2714 Service client WhatsApp<br data-start=\"1645\" data-end=\"1648\" \/>\ud83d\udd12 Garantie <strong data-start=\"1660\" data-end=\"1685\">Satisfait ou remplac\u00e9<\/strong><\/p>","protected":false},"excerpt":{"rendered":"<p>La pince flexible &amp; incassable qui maintient vos cheveux toute la journ\u00e9e, sans glisser ni faire mal.<\/p>\n<p>\u2728 Flexible &amp; incassable<br \/>\n\ud83d\udc4c Confort sans pression<br \/>\n\ud83d\udeab Z\u00e9ro glisse, m\u00eame sur cheveux \u00e9pais<\/p>\n<p>\ud83d\udce6 Livraison offerte d\u00e8s 2 produits \u2014 Paiement \u00e0 la livraison<\/p>","protected":false},"featured_media":37871,"comment_status":"open","ping_status":"closed","template":"","meta":[],"product_brand":[],"product_cat":[163,168],"product_tag":[],"class_list":{"0":"post-37883","1":"product","2":"type-product","3":"status-publish","4":"has-post-thumbnail","6":"product_cat-accessoires-cheveux","7":"product_cat-homepage","9":"first","10":"instock","11":"shipping-taxable","12":"purchasable","13":"product-type-simple"},"_links":{"self":[{"href":"https:\/\/curla.ma\/ar\/wp-json\/wp\/v2\/product\/37883","targetHints":{"allow":["GET"]}}],"collection":[{"href":"https:\/\/curla.ma\/ar\/wp-json\/wp\/v2\/product"}],"about":[{"href":"https:\/\/curla.ma\/ar\/wp-json\/wp\/v2\/types\/product"}],"replies":[{"embeddable":true,"href":"https:\/\/curla.ma\/ar\/wp-json\/wp\/v2\/comments?post=37883"}],"version-history":[{"count":11,"href":"https:\/\/curla.ma\/ar\/wp-json\/wp\/v2\/product\/37883\/revisions"}],"predecessor-version":[{"id":38037,"href":"https:\/\/curla.ma\/ar\/wp-json\/wp\/v2\/product\/37883\/revisions\/38037"}],"wp:featuredmedia":[{"embeddable":true,"href":"https:\/\/curla.ma\/ar\/wp-json\/wp\/v2\/media\/37871"}],"wp:attachment":[{"href":"https:\/\/curla.ma\/ar\/wp-json\/wp\/v2\/media?parent=37883"}],"wp:term":[{"taxonomy":"product_brand","embeddable":true,"href":"https:\/\/curla.ma\/ar\/wp-json\/wp\/v2\/product_brand?post=37883"},{"taxonomy":"product_cat","embeddable":true,"href":"https:\/\/curla.ma\/ar\/wp-json\/wp\/v2\/product_cat?post=37883"},{"taxonomy":"product_tag","embeddable":true,"href":"https:\/\/curla.ma\/ar\/wp-json\/wp\/v2\/product_tag?post=37883"}],"curies":[{"name":"wp","href":"https:\/\/api.w.org\/{rel}","templated":true}]}}